{"id":967,"date":"2025-05-11T23:24:44","date_gmt":"2025-05-11T23:24:44","guid":{"rendered":"https:\/\/navior.fr\/password-reset\/"},"modified":"2025-05-11T23:24:44","modified_gmt":"2025-05-11T23:24:44","slug":"password-reset","status":"publish","type":"page","link":"https:\/\/navior.fr\/en\/password-reset\/","title":{"rendered":"R\u00e9initialisation du mot de passe"},"content":{"rendered":"<div class=\"um um-password um-um_password_id\">\n\t<div class=\"um-form\">\n\t\t<form method=\"post\" action=\"\" data-trp-original-action=\"\">\n\t\t\t\n\t\t\t\t<input type=\"hidden\" name=\"_um_password_reset\" id=\"_um_password_reset\" value=\"1\" \/>\n\n\t\t\t\t\t\t\t\t\t<div class=\"um-field um-field-block um-field-type_block\">\n\t\t\t\t\t\t<div class=\"um-field-block\">\n\t\t\t\t\t\t\t<div style=\"text-align:center;\">\n\t\t\t\t\t\t\t\tTo reset your password, please enter your email address or username below.\t\t\t\t\t\t\t<\/div>\n\t\t\t\t\t\t<\/div>\n\t\t\t\t\t<\/div>\n\t\t\t\t\t<div  id=\"um_field_0_username_b\" class=\"um-field um-field-text  um-field-username_b um-field-text um-field-type_text\" data-key=\"username_b\"><div class=\"um-field-area\"><input  autocomplete=\"off\" class=\"um-form-field valid\" type=\"text\" name=\"username_b\" id=\"username_b\" value=\"\" placeholder=\"Enter your username or email\" data-validate=\"\" data-key=\"username_b\"  aria-invalid=\"false\" \/>\n\n\t\t\t\t\t\t<\/div><\/div>\t\t\t\t<div class=\"um-col-alt um-col-alt-b\">\n\t\t\t\t\t<div class=\"um-center\">\n\t\t\t\t\t\t<input type=\"submit\" value=\"Reset password\" class=\"um-button\" id=\"um-submit-btn\" \/>\n\t\t\t\t\t<\/div>\n\t\t\t\t\t<div class=\"um-clear\"><\/div>\n\t\t\t\t<\/div>\n\t\t\t\t\t<input type=\"hidden\" name=\"form_id\" id=\"form_id_um_password_id\" value=\"um_password_id\" \/>\n\t\t<p class=\"um_request_name\">\n\t\t<label for=\"um_request_um_password_id\">Only fill in if you are not human<\/label>\n\t\t<input type=\"hidden\" name=\"um_request\" id=\"um_request_um_password_id\" class=\"input\" value=\"\" size=\"25\" autocomplete=\"off\" \/>\n\t<\/p>\n\t\t\t<input type=\"hidden\" name=\"trp-form-language\" value=\"en\"\/><\/form>\n\t<\/div>\n<\/div>\n<style>\n\t\t\t.um-um_password_id.um {\n\t\t\tmax-width: 450px;\n\t\t}\n\t\t<\/style>","protected":false},"excerpt":{"rendered":"","protected":false},"author":1,"featured_media":0,"parent":0,"menu_order":0,"comment_status":"closed","ping_status":"closed","template":"","meta":{"_acf_changed":false,"site-sidebar-layout":"default","site-content-layout":"","ast-site-content-layout":"","site-content-style":"default","site-sidebar-style":"default","ast-global-header-display":"","ast-banner-title-visibility":"","ast-main-header-display":"","ast-hfb-above-header-display":"","ast-hfb-below-header-display":"","ast-hfb-mobile-header-display":"","site-post-title":"","ast-breadcrumbs-content":"","ast-featured-img":"","footer-sml-layout":"","theme-transparent-header-meta":"","adv-header-id-meta":"","stick-header-meta":"","header-above-stick-meta":"","header-main-stick-meta":"","header-below-stick-meta":"","astra-migrate-meta-layouts":"default","ast-page-background-enabled":"default","ast-page-background-meta":{"desktop":{"background-color":"var(--ast-global-color-4)","background-image":"","background-repeat":"repeat","background-position":"center center","background-size":"auto","background-attachment":"scroll","background-type":"","background-media":"","overlay-type":"","overlay-color":"","overlay-opacity":"","overlay-gradient":""},"tablet":{"background-color":"","background-image":"","background-repeat":"repeat","background-position":"center center","background-size":"auto","background-attachment":"scroll","background-type":"","background-media":"","overlay-type":"","overlay-color":"","overlay-opacity":"","overlay-gradient":""},"mobile":{"background-color":"","background-image":"","background-repeat":"repeat","background-position":"center center","background-size":"auto","background-attachment":"scroll","background-type":"","background-media":"","overlay-type":"","overlay-color":"","overlay-opacity":"","overlay-gradient":""}},"ast-content-background-meta":{"desktop":{"background-color":"var(--ast-global-color-5)","background-image":"","background-repeat":"repeat","background-position":"center center","background-size":"auto","background-attachment":"scroll","background-type":"","background-media":"","overlay-type":"","overlay-color":"","overlay-opacity":"","overlay-gradient":""},"tablet":{"background-color":"var(--ast-global-color-5)","background-image":"","background-repeat":"repeat","background-position":"center center","background-size":"auto","background-attachment":"scroll","background-type":"","background-media":"","overlay-type":"","overlay-color":"","overlay-opacity":"","overlay-gradient":""},"mobile":{"background-color":"var(--ast-global-color-5)","background-image":"","background-repeat":"repeat","background-position":"center center","background-size":"auto","background-attachment":"scroll","background-type":"","background-media":"","overlay-type":"","overlay-color":"","overlay-opacity":"","overlay-gradient":""}},"footnotes":""},"class_list":["post-967","page","type-page","status-publish","hentry"],"acf":[],"yoast_head":"<!-- This site is optimized with the Yoast SEO plugin v26.5 - https:\/\/yoast.com\/wordpress\/plugins\/seo\/ -->\n<title>R\u00e9initialisation du mot de passe - NAVIOR<\/title>\n<meta name=\"robots\" content=\"index, follow, max-snippet:-1, max-image-preview:large, max-video-preview:-1\" \/>\n<link rel=\"canonical\" href=\"https:\/\/navior.fr\/en\/password-reset\/\" \/>\n<meta property=\"og:locale\" content=\"en_GB\" \/>\n<meta property=\"og:type\" content=\"article\" \/>\n<meta property=\"og:title\" content=\"R\u00e9initialisation du mot de passe - NAVIOR\" \/>\n<meta property=\"og:url\" content=\"https:\/\/navior.fr\/en\/password-reset\/\" \/>\n<meta property=\"og:site_name\" content=\"NAVIOR\" \/>\n<meta name=\"twitter:card\" content=\"summary_large_image\" \/>\n<script type=\"application\/ld+json\" class=\"yoast-schema-graph\">{\"@context\":\"https:\/\/schema.org\",\"@graph\":[{\"@type\":\"WebPage\",\"@id\":\"https:\/\/navior.fr\/password-reset\/\",\"url\":\"https:\/\/navior.fr\/password-reset\/\",\"name\":\"R\u00e9initialisation du mot de passe - NAVIOR\",\"isPartOf\":{\"@id\":\"https:\/\/navior.fr\/#website\"},\"datePublished\":\"2025-05-11T23:24:44+00:00\",\"breadcrumb\":{\"@id\":\"https:\/\/navior.fr\/password-reset\/#breadcrumb\"},\"inLanguage\":\"en-GB\",\"potentialAction\":[{\"@type\":\"ReadAction\",\"target\":[\"https:\/\/navior.fr\/password-reset\/\"]}]},{\"@type\":\"BreadcrumbList\",\"@id\":\"https:\/\/navior.fr\/password-reset\/#breadcrumb\",\"itemListElement\":[{\"@type\":\"ListItem\",\"position\":1,\"name\":\"Accueil\",\"item\":\"https:\/\/navior.fr\/\"},{\"@type\":\"ListItem\",\"position\":2,\"name\":\"R\u00e9initialisation du mot de passe\"}]},{\"@type\":\"WebSite\",\"@id\":\"https:\/\/navior.fr\/#website\",\"url\":\"https:\/\/navior.fr\/\",\"name\":\"Navior.fr\",\"description\":\"Location voiture de luxe avec chauffeur priv\u00e9 \u00e0 Toulouse; Con\u00e7u pour ceux qui savent!\",\"publisher\":{\"@id\":\"https:\/\/navior.fr\/#organization\"},\"potentialAction\":[{\"@type\":\"SearchAction\",\"target\":{\"@type\":\"EntryPoint\",\"urlTemplate\":\"https:\/\/navior.fr\/?s={search_term_string}\"},\"query-input\":{\"@type\":\"PropertyValueSpecification\",\"valueRequired\":true,\"valueName\":\"search_term_string\"}}],\"inLanguage\":\"en-GB\"},{\"@type\":\"Organization\",\"@id\":\"https:\/\/navior.fr\/#organization\",\"name\":\"Navior\",\"url\":\"https:\/\/navior.fr\/\",\"logo\":{\"@type\":\"ImageObject\",\"inLanguage\":\"en-GB\",\"@id\":\"https:\/\/navior.fr\/#\/schema\/logo\/image\/\",\"url\":\"https:\/\/navior.fr\/wp-content\/uploads\/2025\/06\/cropped-Design-sans-titre-25.png\",\"contentUrl\":\"https:\/\/navior.fr\/wp-content\/uploads\/2025\/06\/cropped-Design-sans-titre-25.png\",\"width\":448,\"height\":436,\"caption\":\"Navior\"},\"image\":{\"@id\":\"https:\/\/navior.fr\/#\/schema\/logo\/image\/\"}}]}<\/script>\n<!-- \/ Yoast SEO plugin. -->","yoast_head_json":{"title":"R\u00e9initialisation du mot de passe - NAVIOR","robots":{"index":"index","follow":"follow","max-snippet":"max-snippet:-1","max-image-preview":"max-image-preview:large","max-video-preview":"max-video-preview:-1"},"canonical":"https:\/\/navior.fr\/en\/password-reset\/","og_locale":"en_GB","og_type":"article","og_title":"R\u00e9initialisation du mot de passe - NAVIOR","og_url":"https:\/\/navior.fr\/en\/password-reset\/","og_site_name":"NAVIOR","twitter_card":"summary_large_image","schema":{"@context":"https:\/\/schema.org","@graph":[{"@type":"WebPage","@id":"https:\/\/navior.fr\/password-reset\/","url":"https:\/\/navior.fr\/password-reset\/","name":"R\u00e9initialisation du mot de passe - NAVIOR","isPartOf":{"@id":"https:\/\/navior.fr\/#website"},"datePublished":"2025-05-11T23:24:44+00:00","breadcrumb":{"@id":"https:\/\/navior.fr\/password-reset\/#breadcrumb"},"inLanguage":"en-GB","potentialAction":[{"@type":"ReadAction","target":["https:\/\/navior.fr\/password-reset\/"]}]},{"@type":"BreadcrumbList","@id":"https:\/\/navior.fr\/password-reset\/#breadcrumb","itemListElement":[{"@type":"ListItem","position":1,"name":"Accueil","item":"https:\/\/navior.fr\/"},{"@type":"ListItem","position":2,"name":"R\u00e9initialisation du mot de passe"}]},{"@type":"WebSite","@id":"https:\/\/navior.fr\/#website","url":"https:\/\/navior.fr\/","name":"Navior.fr","description":"Location voiture de luxe avec chauffeur priv\u00e9 \u00e0 Toulouse; Con\u00e7u pour ceux qui savent!","publisher":{"@id":"https:\/\/navior.fr\/#organization"},"potentialAction":[{"@type":"SearchAction","target":{"@type":"EntryPoint","urlTemplate":"https:\/\/navior.fr\/?s={search_term_string}"},"query-input":{"@type":"PropertyValueSpecification","valueRequired":true,"valueName":"search_term_string"}}],"inLanguage":"en-GB"},{"@type":"Organization","@id":"https:\/\/navior.fr\/#organization","name":"Navior","url":"https:\/\/navior.fr\/","logo":{"@type":"ImageObject","inLanguage":"en-GB","@id":"https:\/\/navior.fr\/#\/schema\/logo\/image\/","url":"https:\/\/navior.fr\/wp-content\/uploads\/2025\/06\/cropped-Design-sans-titre-25.png","contentUrl":"https:\/\/navior.fr\/wp-content\/uploads\/2025\/06\/cropped-Design-sans-titre-25.png","width":448,"height":436,"caption":"Navior"},"image":{"@id":"https:\/\/navior.fr\/#\/schema\/logo\/image\/"}}]}},"_links":{"self":[{"href":"https:\/\/navior.fr\/en\/wp-json\/wp\/v2\/pages\/967","targetHints":{"allow":["GET"]}}],"collection":[{"href":"https:\/\/navior.fr\/en\/wp-json\/wp\/v2\/pages"}],"about":[{"href":"https:\/\/navior.fr\/en\/wp-json\/wp\/v2\/types\/page"}],"author":[{"embeddable":true,"href":"https:\/\/navior.fr\/en\/wp-json\/wp\/v2\/users\/1"}],"replies":[{"embeddable":true,"href":"https:\/\/navior.fr\/en\/wp-json\/wp\/v2\/comments?post=967"}],"version-history":[{"count":0,"href":"https:\/\/navior.fr\/en\/wp-json\/wp\/v2\/pages\/967\/revisions"}],"wp:attachment":[{"href":"https:\/\/navior.fr\/en\/wp-json\/wp\/v2\/media?parent=967"}],"curies":[{"name":"wp","href":"https:\/\/api.w.org\/{rel}","templated":true}]}}