{"id":654,"date":"2025-04-28T21:13:38","date_gmt":"2025-04-28T21:13:38","guid":{"rendered":"https:\/\/navior.fr\/?page_id=654"},"modified":"2025-05-15T22:54:46","modified_gmt":"2025-05-15T22:54:46","slug":"formulaire-de-demande-de-service-navior","status":"publish","type":"page","link":"https:\/\/navior.fr\/en\/formulaire-de-demande-de-service-navior\/","title":{"rendered":"Formulaire de Demande de Service NAVIOR"},"content":{"rendered":"<div data-elementor-type=\"wp-page\" data-elementor-id=\"654\" class=\"elementor elementor-654\">\n\t\t\t\t<div class=\"elementor-element elementor-element-ddf3cc8 e-flex e-con-boxed e-con e-parent\" data-id=\"ddf3cc8\" data-element_type=\"container\">\n\t\t\t\t\t<div class=\"e-con-inner\">\n\t\t\t\t<div class=\"elementor-element elementor-element-c60f74d elementor-widget elementor-widget-heading\" data-id=\"c60f74d\" data-element_type=\"widget\" data-widget_type=\"heading.default\">\n\t\t\t\t<div class=\"elementor-widget-container\">\n\t\t\t\t\t<h2 class=\"elementor-heading-title elementor-size-default\">Formulaire de Demande de Service NAVIOR<\/h2>\t\t\t\t<\/div>\n\t\t\t\t<\/div>\n\t\t\t\t\t<\/div>\n\t\t\t\t<\/div>\n\t\t<div class=\"elementor-element elementor-element-d4b8b4c e-flex e-con-boxed e-con e-parent\" data-id=\"d4b8b4c\" data-element_type=\"container\">\n\t\t\t\t\t<div class=\"e-con-inner\">\n\t\t\t\t<div class=\"elementor-element elementor-element-8ac50d0 elementor-widget elementor-widget-text-editor\" data-id=\"8ac50d0\" data-element_type=\"widget\" data-widget_type=\"text-editor.default\">\n\t\t\t\t<div class=\"elementor-widget-container\">\n\t\t\t\t\t\t\t\t\t<p class=\"\" data-start=\"115\" data-end=\"142\"><strong data-start=\"115\" data-end=\"140\">Bienvenue chez NAVIOR<\/strong><\/p><p class=\"\" data-start=\"149\" data-end=\"211\">Merci de l\u2019int\u00e9r\u00eat que vous portez \u00e0 notre service exclusif.<\/p><p class=\"\" data-start=\"218\" data-end=\"334\">Afin de vous garantir la meilleure exp\u00e9rience possible, nous vous invitons \u00e0 remplir ce formulaire avec pr\u00e9cision.<\/p><p class=\"\" data-start=\"341\" data-end=\"494\">Vos r\u00e9ponses nous permettront de mieux comprendre votre demande et de vous proposer une solution sur mesure, en accord avec nos standards d\u2019excellence.<\/p><p class=\"\" data-start=\"501\" data-end=\"545\">Cela ne vous prendra que quelques minutes.<\/p><p class=\"\" data-start=\"552\" data-end=\"583\"><strong data-start=\"552\" data-end=\"583\">Merci pour votre confiance.<\/strong><\/p>\t\t\t\t\t\t\t\t<\/div>\n\t\t\t\t<\/div>\n\t\t\t\t\t<\/div>\n\t\t\t\t<\/div>\n\t\t<div class=\"elementor-element elementor-element-f69741a e-flex e-con-boxed e-con e-parent\" data-id=\"f69741a\" data-element_type=\"container\">\n\t\t\t\t\t<div class=\"e-con-inner\">\n\t\t\t\t<div class=\"elementor-element elementor-element-dc04954 elementor-widget elementor-widget-wpforms\" data-id=\"dc04954\" data-element_type=\"widget\" data-widget_type=\"wpforms.default\">\n\t\t\t\t<div class=\"elementor-widget-container\">\n\t\t\t\t\t<style id=\"wpforms-css-vars-elementor-widget-dc04954\">\n\t\t\t\t.elementor-widget-wpforms.elementor-element-dc04954 {\n\t\t\t\t--wpforms-button-background-color: #D4AF37;\n\t\t\t}\n\t\t\t<\/style><div class=\"wpforms-container wpforms-container-full wpforms-render-modern\" id=\"wpforms-650\"><form id=\"wpforms-form-650\" class=\"wpforms-validate wpforms-form wpforms-ajax-form\" data-formid=\"650\" method=\"post\" enctype=\"multipart\/form-data\" action=\"\/en\/wp-json\/wp\/v2\/pages\/654\" data-token=\"ca6a41ec8649dd5541a39cd2f4b19072\" data-token-time=\"1775582176\" data-trp-original-action=\"\/en\/wp-json\/wp\/v2\/pages\/654\"><noscript class=\"wpforms-error-noscript\">Please enable JavaScript in your browser to complete this form.<\/noscript><div id=\"wpforms-error-noscript\" style=\"display: none;\">Please enable JavaScript in your browser to complete this form.<\/div><div class=\"wpforms-field-container\"><div id=\"wpforms-650-field_1-container\" class=\"wpforms-field wpforms-field-name\" data-field-id=\"1\"><fieldset><legend class=\"wpforms-field-label wpforms-label-hide\" aria-hidden=\"false\">Name <span class=\"wpforms-required-label\" aria-hidden=\"true\">*<\/span><\/legend><div class=\"wpforms-field-row wpforms-field-medium\"><div class=\"wpforms-field-row-block wpforms-first wpforms-one-half\"><input type=\"text\" id=\"wpforms-650-field_1\" class=\"wpforms-field-name-first wpforms-field-required\" name=\"wpforms[fields][1][first]\" placeholder=\"Pr\u00e9nom\" aria-errormessage=\"wpforms-650-field_1-error\" required><label for=\"wpforms-650-field_1\" class=\"wpforms-field-sublabel after wpforms-sublabel-hide\">First<\/label><\/div><div class=\"wpforms-field-row-block wpforms-one-half\"><input type=\"text\" id=\"wpforms-650-field_1-last\" class=\"wpforms-field-name-last wpforms-field-required\" name=\"wpforms[fields][1][last]\" placeholder=\"Name\" aria-errormessage=\"wpforms-650-field_1-last-error\" required><label for=\"wpforms-650-field_1-last\" class=\"wpforms-field-sublabel after wpforms-sublabel-hide\">Last<\/label><\/div><\/div><\/fieldset><\/div><div id=\"wpforms-650-field_4-container\" class=\"wpforms-field wpforms-field-text\" data-field-id=\"4\"><label class=\"wpforms-field-label wpforms-label-hide\" for=\"wpforms-650-field_4\" aria-hidden=\"false\">Phone <span class=\"wpforms-required-label\" aria-hidden=\"true\">*<\/span><\/label><input type=\"text\" id=\"wpforms-650-field_4\" class=\"wpforms-field-medium wpforms-field-required\" name=\"wpforms[fields][4]\" placeholder=\"Phone\" aria-errormessage=\"wpforms-650-field_4-error\" required><\/div><div id=\"wpforms-650-field_2-container\" class=\"wpforms-field wpforms-field-email\" data-field-id=\"2\"><label class=\"wpforms-field-label wpforms-label-hide\" for=\"wpforms-650-field_2\" aria-hidden=\"false\">E-mail <span class=\"wpforms-required-label\" aria-hidden=\"true\">*<\/span><\/label><input type=\"email\" id=\"wpforms-650-field_2\" class=\"wpforms-field-medium wpforms-field-required\" name=\"wpforms[fields][2]\" placeholder=\"E-mail\" spellcheck=\"false\" aria-errormessage=\"wpforms-650-field_2-error\" required><\/div><div id=\"wpforms-650-field_5-container\" class=\"wpforms-field wpforms-field-text\" data-field-id=\"5\"><label class=\"wpforms-field-label\" for=\"wpforms-650-field_5\">Date de l&#039;\u00e9v\u00e9nement :<\/label><input type=\"text\" id=\"wpforms-650-field_5\" class=\"wpforms-field-medium\" name=\"wpforms[fields][5]\" aria-errormessage=\"wpforms-650-field_5-error\" ><\/div><div id=\"wpforms-650-field_9-container\" class=\"wpforms-field wpforms-field-text\" data-field-id=\"9\"><label class=\"wpforms-field-label\" for=\"wpforms-650-field_9\">Heure de d\u00e9but souhait\u00e9e : <span class=\"wpforms-required-label\" aria-hidden=\"true\">*<\/span><\/label><input type=\"text\" id=\"wpforms-650-field_9\" class=\"wpforms-field-medium wpforms-field-required\" name=\"wpforms[fields][9]\" aria-errormessage=\"wpforms-650-field_9-error\" required><\/div><div id=\"wpforms-650-field_8-container\" class=\"wpforms-field wpforms-field-text\" data-field-id=\"8\"><label class=\"wpforms-field-label\" for=\"wpforms-650-field_8\">Heure de fin estim\u00e9e : <span class=\"wpforms-required-label\" aria-hidden=\"true\">*<\/span><\/label><input type=\"text\" id=\"wpforms-650-field_8\" class=\"wpforms-field-medium wpforms-field-required\" name=\"wpforms[fields][8]\" aria-errormessage=\"wpforms-650-field_8-error\" required><\/div><div id=\"wpforms-650-field_7-container\" class=\"wpforms-field wpforms-field-text\" data-field-id=\"7\"><label class=\"wpforms-field-label\" for=\"wpforms-650-field_7\">Lieu de prise en charge : <span class=\"wpforms-required-label\" aria-hidden=\"true\">*<\/span><\/label><input type=\"text\" id=\"wpforms-650-field_7\" class=\"wpforms-field-medium wpforms-field-required\" name=\"wpforms[fields][7]\" aria-errormessage=\"wpforms-650-field_7-error\" required><\/div><div id=\"wpforms-650-field_6-container\" class=\"wpforms-field wpforms-field-text\" data-field-id=\"6\"><label class=\"wpforms-field-label\" for=\"wpforms-650-field_6\">Lieu de d\u00e9pose (si diff\u00e9rent) :<\/label><input type=\"text\" id=\"wpforms-650-field_6\" class=\"wpforms-field-medium\" name=\"wpforms[fields][6]\" aria-errormessage=\"wpforms-650-field_6-error\" ><\/div>\t\t<div id=\"wpforms-650-field_10-container\"\n\t\t\tclass=\"wpforms-field wpforms-field-text\"\n\t\t\tdata-field-type=\"text\"\n\t\t\tdata-field-id=\"10\"\n\t\t\t>\n\t\t\t<label class=\"wpforms-field-label\" for=\"wpforms-650-field_10\" >passagers : :<\/label>\n\t\t\t<input type=\"text\" id=\"wpforms-650-field_10\" class=\"wpforms-field-medium\" name=\"wpforms[fields][10]\" >\n\t\t<\/div>\n\t\t<div id=\"wpforms-650-field_17-container\" class=\"wpforms-field wpforms-field-select wpforms-field-select-style-classic\" data-field-id=\"17\"><label class=\"wpforms-field-label\" for=\"wpforms-650-field_17\">Type d&#039;\u00e9v\u00e9nement :<\/label><select id=\"wpforms-650-field_17\" class=\"wpforms-field-medium\" name=\"wpforms[fields][17]\"><option value=\"Mariage\"  class=\"choice-1 depth-1\"  >Mariage<\/option><option value=\"S\u00e9minaire \/ \u00e9v\u00e9nement professionnel\"  class=\"choice-2 depth-1\"  >S\u00e9minaire \/ \u00e9v\u00e9nement professionnel<\/option><option value=\"Transport VIP\"  class=\"choice-3 depth-1\"  >Transport VIP<\/option><option value=\"Sortie exceptionnelle\"  class=\"choice-4 depth-1\"  >Sortie exceptionnelle<\/option><option value=\"Autre (pr\u00e9ciser) :\"  class=\"choice-5 depth-1\"  >Autre (pr\u00e9ciser) :<\/option><\/select><\/div><div id=\"wpforms-650-field_3-container\" class=\"wpforms-field wpforms-field-textarea\" data-field-id=\"3\"><label class=\"wpforms-field-label\" for=\"wpforms-650-field_3\">Autre \u00e9v\u00e9nement :<\/label><textarea id=\"wpforms-650-field_3\" class=\"wpforms-field-small\" name=\"wpforms[fields][3]\" aria-errormessage=\"wpforms-650-field_3-error\" ><\/textarea><\/div><div id=\"wpforms-650-field_12-container\" class=\"wpforms-field wpforms-field-text\" data-field-id=\"12\"><label class=\"wpforms-field-label\" for=\"wpforms-650-field_12\">Nombre de passagers :<\/label><input type=\"text\" id=\"wpforms-650-field_12\" class=\"wpforms-field-medium\" name=\"wpforms[fields][12]\" aria-errormessage=\"wpforms-650-field_12-error\" ><\/div><div id=\"wpforms-650-field_13-container\" class=\"wpforms-field wpforms-field-select wpforms-field-select-style-classic\" data-field-id=\"13\"><label class=\"wpforms-field-label\" for=\"wpforms-650-field_13\">Type de v\u00e9hicule souhait\u00e9 : <span class=\"wpforms-required-label\" aria-hidden=\"true\">*<\/span><\/label><select id=\"wpforms-650-field_13\" class=\"wpforms-field-medium wpforms-field-required\" name=\"wpforms[fields][13]\" required=\"required\"><option value=\"Berline de luxe\"  class=\"choice-1 depth-1\"  >Berline de luxe<\/option><option value=\"SUV de prestige\"  class=\"choice-2 depth-1\"  >SUV de prestige<\/option><option value=\"Aucun v\u00e9hicule pr\u00e9cis, je souhaite \u00eatre conseill\u00e9\"  class=\"choice-3 depth-1\"  >Aucun v\u00e9hicule pr\u00e9cis, je souhaite \u00eatre conseill\u00e9<\/option><\/select><\/div><div id=\"wpforms-650-field_14-container\" class=\"wpforms-field wpforms-field-textarea\" data-field-id=\"14\"><label class=\"wpforms-field-label\" for=\"wpforms-650-field_14\">Demande sp\u00e9cifique :<\/label><textarea id=\"wpforms-650-field_14\" class=\"wpforms-field-medium\" name=\"wpforms[fields][14]\" aria-errormessage=\"wpforms-650-field_14-error\" ><\/textarea><\/div><div id=\"wpforms-650-field_15-container\" class=\"wpforms-field wpforms-field-radio\" data-field-id=\"15\"><fieldset><legend class=\"wpforms-field-label\">Souhaitez-vous \u00eatre rappel\u00e9 ? <span class=\"wpforms-required-label\" aria-hidden=\"true\">*<\/span><\/legend><ul id=\"wpforms-650-field_15\" class=\"wpforms-field-required\"><li class=\"choice-1 depth-1\"><input type=\"radio\" id=\"wpforms-650-field_15_1\" name=\"wpforms[fields][15]\" value=\"Oui\" aria-errormessage=\"wpforms-650-field_15_1-error\" required><label class=\"wpforms-field-label-inline\" for=\"wpforms-650-field_15_1\">Oui<\/label><\/li><li class=\"choice-2 depth-1\"><input type=\"radio\" id=\"wpforms-650-field_15_2\" name=\"wpforms[fields][15]\" value=\"Non\" aria-errormessage=\"wpforms-650-field_15_2-error\" required><label class=\"wpforms-field-label-inline\" for=\"wpforms-650-field_15_2\">Non<\/label><\/li><\/ul><\/fieldset><\/div><div id=\"wpforms-650-field_16-container\" class=\"wpforms-field wpforms-field-radio\" data-field-id=\"16\"><fieldset><legend class=\"wpforms-field-label\">Pr\u00e9f\u00e9rence de contact :<\/legend><ul id=\"wpforms-650-field_16\"><li class=\"choice-1 depth-1\"><input type=\"radio\" id=\"wpforms-650-field_16_1\" name=\"wpforms[fields][16]\" value=\"T\u00e9l\u00e9phone\" aria-errormessage=\"wpforms-650-field_16_1-error\"  ><label class=\"wpforms-field-label-inline\" for=\"wpforms-650-field_16_1\">Phone<\/label><\/li><li class=\"choice-2 depth-1\"><input type=\"radio\" id=\"wpforms-650-field_16_2\" name=\"wpforms[fields][16]\" value=\"E-mail\" aria-errormessage=\"wpforms-650-field_16_2-error\"  ><label class=\"wpforms-field-label-inline\" for=\"wpforms-650-field_16_2\">E-mail<\/label><\/li><\/ul><\/fieldset><\/div><script>\n\t\t\t\t( function() {\n\t\t\t\t\tconst style = document.createElement( 'style' );\n\t\t\t\t\tstyle.appendChild( document.createTextNode( '#wpforms-650-field_10-container { position: absolute !important; overflow: hidden !important; display: inline !important; height: 1px !important; width: 1px !important; z-index: -1000 !important; padding: 0 !important; } #wpforms-650-field_10-container input { visibility: hidden; } #wpforms-conversational-form-page #wpforms-650-field_10-container label { counter-increment: none; }' ) );\n\t\t\t\t\tdocument.head.appendChild( style );\n\t\t\t\t\tdocument.currentScript?.remove();\n\t\t\t\t} )();\n\t\t\t<\/script><\/div><!-- .wpforms-field-container --><div class=\"wpforms-submit-container\" ><input type=\"hidden\" name=\"wpforms[id]\" value=\"650\"><input type=\"hidden\" name=\"page_title\" value=\"\"><input type=\"hidden\" name=\"page_url\" value=\"https:\/\/navior.fr\/en\/wp-json\/wp\/v2\/pages\/654\"><input type=\"hidden\" name=\"url_referer\" value=\"\"><button type=\"submit\" name=\"wpforms[submit]\" id=\"wpforms-submit-650\" class=\"wpforms-submit\" data-alt-text=\"Envoi...\" data-submit-text=\"Envoyer\" aria-live=\"assertive\" value=\"wpforms-submit\">Send<\/button><img decoding=\"async\" src=\"https:\/\/navior.fr\/wp-content\/plugins\/wpforms-lite\/assets\/images\/submit-spin.svg\" class=\"wpforms-submit-spinner\" style=\"display: none;\" width=\"26\" height=\"26\" alt=\"Loading\"><\/div><input type=\"hidden\" name=\"trp-form-language\" value=\"en\"\/><\/form><\/div>  <!-- .wpforms-container -->\t\t\t\t<\/div>\n\t\t\t\t<\/div>\n\t\t\t\t\t<\/div>\n\t\t\t\t<\/div>\n\t\t\t\t<\/div>","protected":false},"excerpt":{"rendered":"<p>Formulaire de Demande de Service NAVIOR Bienvenue chez NAVIOR Merci de l\u2019int\u00e9r\u00eat que vous portez \u00e0 notre service exclusif. Afin [&hellip;]<\/p>","protected":false},"author":1,"featured_media":0,"parent":0,"menu_order":0,"comment_status":"closed","ping_status":"closed","template":"","meta":{"_acf_changed":false,"site-sidebar-layout":"no-sidebar","site-content-layout":"","ast-site-content-layout":"full-width-container","site-content-style":"default","site-sidebar-style":"default","ast-global-header-display":"","ast-banner-title-visibility":"","ast-main-header-display":"","ast-hfb-above-header-display":"","ast-hfb-below-header-display":"","ast-hfb-mobile-header-display":"","site-post-title":"disabled","ast-breadcrumbs-content":"","ast-featured-img":"disabled","footer-sml-layout":"","theme-transparent-header-meta":"","adv-header-id-meta":"","stick-header-meta":"","header-above-stick-meta":"","header-main-stick-meta":"","header-below-stick-meta":"","astra-migrate-meta-layouts":"default","ast-page-background-enabled":"default","ast-page-background-meta":{"desktop":{"background-color":"var(--ast-global-color-4)","background-image":"","background-repeat":"repeat","background-position":"center center","background-size":"auto","background-attachment":"scroll","background-type":"","background-media":"","overlay-type":"","overlay-color":"","overlay-opacity":"","overlay-gradient":""},"tablet":{"background-color":"","background-image":"","background-repeat":"repeat","background-position":"center center","background-size":"auto","background-attachment":"scroll","background-type":"","background-media":"","overlay-type":"","overlay-color":"","overlay-opacity":"","overlay-gradient":""},"mobile":{"background-color":"","background-image":"","background-repeat":"repeat","background-position":"center center","background-size":"auto","background-attachment":"scroll","background-type":"","background-media":"","overlay-type":"","overlay-color":"","overlay-opacity":"","overlay-gradient":""}},"ast-content-background-meta":{"desktop":{"background-color":"var(--ast-global-color-5)","background-image":"","background-repeat":"repeat","background-position":"center center","background-size":"auto","background-attachment":"scroll","background-type":"","background-media":"","overlay-type":"","overlay-color":"","overlay-opacity":"","overlay-gradient":""},"tablet":{"background-color":"var(--ast-global-color-5)","background-image":"","background-repeat":"repeat","background-position":"center center","background-size":"auto","background-attachment":"scroll","background-type":"","background-media":"","overlay-type":"","overlay-color":"","overlay-opacity":"","overlay-gradient":""},"mobile":{"background-color":"var(--ast-global-color-5)","background-image":"","background-repeat":"repeat","background-position":"center center","background-size":"auto","background-attachment":"scroll","background-type":"","background-media":"","overlay-type":"","overlay-color":"","overlay-opacity":"","overlay-gradient":""}},"footnotes":""},"class_list":["post-654","page","type-page","status-publish","hentry"],"acf":[],"yoast_head":"<!-- This site is optimized with the Yoast SEO plugin v26.5 - https:\/\/yoast.com\/wordpress\/plugins\/seo\/ -->\n<title>Formulaire de Demande de Service NAVIOR - NAVIOR<\/title>\n<meta name=\"robots\" content=\"index, follow, max-snippet:-1, max-image-preview:large, max-video-preview:-1\" \/>\n<link rel=\"canonical\" href=\"https:\/\/navior.fr\/en\/formulaire-de-demande-de-service-navior\/\" \/>\n<meta property=\"og:locale\" content=\"en_GB\" \/>\n<meta property=\"og:type\" content=\"article\" \/>\n<meta property=\"og:title\" content=\"Formulaire de Demande de Service NAVIOR - NAVIOR\" \/>\n<meta property=\"og:description\" content=\"Formulaire de Demande de Service NAVIOR Bienvenue chez NAVIOR Merci de l\u2019int\u00e9r\u00eat que vous portez \u00e0 notre service exclusif. Afin [&hellip;]\" \/>\n<meta property=\"og:url\" content=\"https:\/\/navior.fr\/en\/formulaire-de-demande-de-service-navior\/\" \/>\n<meta property=\"og:site_name\" content=\"NAVIOR\" \/>\n<meta property=\"article:modified_time\" content=\"2025-05-15T22:54:46+00:00\" \/>\n<meta property=\"og:image\" content=\"https:\/\/navior.fr\/wp-content\/plugins\/wpforms-lite\/assets\/images\/submit-spin.svg\" \/>\n<meta name=\"twitter:card\" content=\"summary_large_image\" \/>\n<meta name=\"twitter:label1\" content=\"Estimated reading time\" \/>\n\t<meta name=\"twitter:data1\" content=\"1 minute\" \/>\n<script type=\"application\/ld+json\" class=\"yoast-schema-graph\">{\"@context\":\"https:\/\/schema.org\",\"@graph\":[{\"@type\":\"WebPage\",\"@id\":\"https:\/\/navior.fr\/formulaire-de-demande-de-service-navior\/\",\"url\":\"https:\/\/navior.fr\/formulaire-de-demande-de-service-navior\/\",\"name\":\"Formulaire de Demande de Service NAVIOR - NAVIOR\",\"isPartOf\":{\"@id\":\"https:\/\/navior.fr\/#website\"},\"primaryImageOfPage\":{\"@id\":\"https:\/\/navior.fr\/formulaire-de-demande-de-service-navior\/#primaryimage\"},\"image\":{\"@id\":\"https:\/\/navior.fr\/formulaire-de-demande-de-service-navior\/#primaryimage\"},\"thumbnailUrl\":\"https:\/\/navior.fr\/wp-content\/plugins\/wpforms-lite\/assets\/images\/submit-spin.svg\",\"datePublished\":\"2025-04-28T21:13:38+00:00\",\"dateModified\":\"2025-05-15T22:54:46+00:00\",\"breadcrumb\":{\"@id\":\"https:\/\/navior.fr\/formulaire-de-demande-de-service-navior\/#breadcrumb\"},\"inLanguage\":\"en-GB\",\"potentialAction\":[{\"@type\":\"ReadAction\",\"target\":[\"https:\/\/navior.fr\/formulaire-de-demande-de-service-navior\/\"]}]},{\"@type\":\"ImageObject\",\"inLanguage\":\"en-GB\",\"@id\":\"https:\/\/navior.fr\/formulaire-de-demande-de-service-navior\/#primaryimage\",\"url\":\"https:\/\/navior.fr\/wp-content\/plugins\/wpforms-lite\/assets\/images\/submit-spin.svg\",\"contentUrl\":\"https:\/\/navior.fr\/wp-content\/plugins\/wpforms-lite\/assets\/images\/submit-spin.svg\"},{\"@type\":\"BreadcrumbList\",\"@id\":\"https:\/\/navior.fr\/formulaire-de-demande-de-service-navior\/#breadcrumb\",\"itemListElement\":[{\"@type\":\"ListItem\",\"position\":1,\"name\":\"Accueil\",\"item\":\"https:\/\/navior.fr\/\"},{\"@type\":\"ListItem\",\"position\":2,\"name\":\"Formulaire de Demande de Service NAVIOR\"}]},{\"@type\":\"WebSite\",\"@id\":\"https:\/\/navior.fr\/#website\",\"url\":\"https:\/\/navior.fr\/\",\"name\":\"Navior.fr\",\"description\":\"Location voiture de luxe avec chauffeur priv\u00e9 \u00e0 Toulouse; Con\u00e7u pour ceux qui savent!\",\"publisher\":{\"@id\":\"https:\/\/navior.fr\/#organization\"},\"potentialAction\":[{\"@type\":\"SearchAction\",\"target\":{\"@type\":\"EntryPoint\",\"urlTemplate\":\"https:\/\/navior.fr\/?s={search_term_string}\"},\"query-input\":{\"@type\":\"PropertyValueSpecification\",\"valueRequired\":true,\"valueName\":\"search_term_string\"}}],\"inLanguage\":\"en-GB\"},{\"@type\":\"Organization\",\"@id\":\"https:\/\/navior.fr\/#organization\",\"name\":\"Navior\",\"url\":\"https:\/\/navior.fr\/\",\"logo\":{\"@type\":\"ImageObject\",\"inLanguage\":\"en-GB\",\"@id\":\"https:\/\/navior.fr\/#\/schema\/logo\/image\/\",\"url\":\"https:\/\/navior.fr\/wp-content\/uploads\/2025\/06\/cropped-Design-sans-titre-25.png\",\"contentUrl\":\"https:\/\/navior.fr\/wp-content\/uploads\/2025\/06\/cropped-Design-sans-titre-25.png\",\"width\":448,\"height\":436,\"caption\":\"Navior\"},\"image\":{\"@id\":\"https:\/\/navior.fr\/#\/schema\/logo\/image\/\"}}]}<\/script>\n<!-- \/ Yoast SEO plugin. -->","yoast_head_json":{"title":"Formulaire de Demande de Service NAVIOR - NAVIOR","robots":{"index":"index","follow":"follow","max-snippet":"max-snippet:-1","max-image-preview":"max-image-preview:large","max-video-preview":"max-video-preview:-1"},"canonical":"https:\/\/navior.fr\/en\/formulaire-de-demande-de-service-navior\/","og_locale":"en_GB","og_type":"article","og_title":"Formulaire de Demande de Service NAVIOR - NAVIOR","og_description":"Formulaire de Demande de Service NAVIOR Bienvenue chez NAVIOR Merci de l\u2019int\u00e9r\u00eat que vous portez \u00e0 notre service exclusif. Afin [&hellip;]","og_url":"https:\/\/navior.fr\/en\/formulaire-de-demande-de-service-navior\/","og_site_name":"NAVIOR","article_modified_time":"2025-05-15T22:54:46+00:00","og_image":[{"url":"https:\/\/navior.fr\/wp-content\/plugins\/wpforms-lite\/assets\/images\/submit-spin.svg","type":"","width":"","height":""}],"twitter_card":"summary_large_image","twitter_misc":{"Estimated reading time":"1 minute"},"schema":{"@context":"https:\/\/schema.org","@graph":[{"@type":"WebPage","@id":"https:\/\/navior.fr\/formulaire-de-demande-de-service-navior\/","url":"https:\/\/navior.fr\/formulaire-de-demande-de-service-navior\/","name":"Formulaire de Demande de Service NAVIOR - NAVIOR","isPartOf":{"@id":"https:\/\/navior.fr\/#website"},"primaryImageOfPage":{"@id":"https:\/\/navior.fr\/formulaire-de-demande-de-service-navior\/#primaryimage"},"image":{"@id":"https:\/\/navior.fr\/formulaire-de-demande-de-service-navior\/#primaryimage"},"thumbnailUrl":"https:\/\/navior.fr\/wp-content\/plugins\/wpforms-lite\/assets\/images\/submit-spin.svg","datePublished":"2025-04-28T21:13:38+00:00","dateModified":"2025-05-15T22:54:46+00:00","breadcrumb":{"@id":"https:\/\/navior.fr\/formulaire-de-demande-de-service-navior\/#breadcrumb"},"inLanguage":"en-GB","potentialAction":[{"@type":"ReadAction","target":["https:\/\/navior.fr\/formulaire-de-demande-de-service-navior\/"]}]},{"@type":"ImageObject","inLanguage":"en-GB","@id":"https:\/\/navior.fr\/formulaire-de-demande-de-service-navior\/#primaryimage","url":"https:\/\/navior.fr\/wp-content\/plugins\/wpforms-lite\/assets\/images\/submit-spin.svg","contentUrl":"https:\/\/navior.fr\/wp-content\/plugins\/wpforms-lite\/assets\/images\/submit-spin.svg"},{"@type":"BreadcrumbList","@id":"https:\/\/navior.fr\/formulaire-de-demande-de-service-navior\/#breadcrumb","itemListElement":[{"@type":"ListItem","position":1,"name":"Accueil","item":"https:\/\/navior.fr\/"},{"@type":"ListItem","position":2,"name":"Formulaire de Demande de Service NAVIOR"}]},{"@type":"WebSite","@id":"https:\/\/navior.fr\/#website","url":"https:\/\/navior.fr\/","name":"Navior.fr","description":"Location voiture de luxe avec chauffeur priv\u00e9 \u00e0 Toulouse; Con\u00e7u pour ceux qui savent!","publisher":{"@id":"https:\/\/navior.fr\/#organization"},"potentialAction":[{"@type":"SearchAction","target":{"@type":"EntryPoint","urlTemplate":"https:\/\/navior.fr\/?s={search_term_string}"},"query-input":{"@type":"PropertyValueSpecification","valueRequired":true,"valueName":"search_term_string"}}],"inLanguage":"en-GB"},{"@type":"Organization","@id":"https:\/\/navior.fr\/#organization","name":"Navior","url":"https:\/\/navior.fr\/","logo":{"@type":"ImageObject","inLanguage":"en-GB","@id":"https:\/\/navior.fr\/#\/schema\/logo\/image\/","url":"https:\/\/navior.fr\/wp-content\/uploads\/2025\/06\/cropped-Design-sans-titre-25.png","contentUrl":"https:\/\/navior.fr\/wp-content\/uploads\/2025\/06\/cropped-Design-sans-titre-25.png","width":448,"height":436,"caption":"Navior"},"image":{"@id":"https:\/\/navior.fr\/#\/schema\/logo\/image\/"}}]}},"_links":{"self":[{"href":"https:\/\/navior.fr\/en\/wp-json\/wp\/v2\/pages\/654","targetHints":{"allow":["GET"]}}],"collection":[{"href":"https:\/\/navior.fr\/en\/wp-json\/wp\/v2\/pages"}],"about":[{"href":"https:\/\/navior.fr\/en\/wp-json\/wp\/v2\/types\/page"}],"author":[{"embeddable":true,"href":"https:\/\/navior.fr\/en\/wp-json\/wp\/v2\/users\/1"}],"replies":[{"embeddable":true,"href":"https:\/\/navior.fr\/en\/wp-json\/wp\/v2\/comments?post=654"}],"version-history":[{"count":7,"href":"https:\/\/navior.fr\/en\/wp-json\/wp\/v2\/pages\/654\/revisions"}],"predecessor-version":[{"id":1046,"href":"https:\/\/navior.fr\/en\/wp-json\/wp\/v2\/pages\/654\/revisions\/1046"}],"wp:attachment":[{"href":"https:\/\/navior.fr\/en\/wp-json\/wp\/v2\/media?parent=654"}],"curies":[{"name":"wp","href":"https:\/\/api.w.org\/{rel}","templated":true}]}}