{"id":314,"date":"2025-04-25T15:33:43","date_gmt":"2025-04-25T15:33:43","guid":{"rendered":"https:\/\/navior.fr\/?page_id=314"},"modified":"2025-07-19T16:20:52","modified_gmt":"2025-07-19T16:20:52","slug":"mentions-legales","status":"publish","type":"page","link":"https:\/\/navior.fr\/en\/mentions-legales\/","title":{"rendered":"Mentions L\u00e9gales"},"content":{"rendered":"<div data-elementor-type=\"wp-page\" data-elementor-id=\"314\" class=\"elementor elementor-314\">\n\t\t\t\t<div class=\"elementor-element elementor-element-9554003 e-flex e-con-boxed e-con e-parent\" data-id=\"9554003\" data-element_type=\"container\">\n\t\t\t\t\t<div class=\"e-con-inner\">\n\t\t\t\t<div class=\"elementor-element elementor-element-2972be7 elementor-widget elementor-widget-heading\" data-id=\"2972be7\" data-element_type=\"widget\" data-widget_type=\"heading.default\">\n\t\t\t\t<div class=\"elementor-widget-container\">\n\t\t\t\t\t<h2 class=\"elementor-heading-title elementor-size-default\">Mentions l\u00e9gales NAVIOR<\/h2>\t\t\t\t<\/div>\n\t\t\t\t<\/div>\n\t\t\t\t\t<\/div>\n\t\t\t\t<\/div>\n\t\t<div class=\"elementor-element elementor-element-0be3c5e e-flex e-con-boxed e-con e-parent\" data-id=\"0be3c5e\" data-element_type=\"container\">\n\t\t\t\t\t<div class=\"e-con-inner\">\n\t\t\t\t<div class=\"elementor-element elementor-element-14311ff elementor-widget elementor-widget-spacer\" data-id=\"14311ff\" data-element_type=\"widget\" data-widget_type=\"spacer.default\">\n\t\t\t\t<div class=\"elementor-widget-container\">\n\t\t\t\t\t\t\t<div class=\"elementor-spacer\">\n\t\t\t<div class=\"elementor-spacer-inner\"><\/div>\n\t\t<\/div>\n\t\t\t\t\t\t<\/div>\n\t\t\t\t<\/div>\n\t\t\t\t\t<\/div>\n\t\t\t\t<\/div>\n\t\t<div class=\"elementor-element elementor-element-3675a13 e-flex e-con-boxed e-con e-parent\" data-id=\"3675a13\" data-element_type=\"container\">\n\t\t\t\t\t<div class=\"e-con-inner\">\n\t\t\t\t<div class=\"elementor-element elementor-element-368027f elementor-widget elementor-widget-text-editor\" data-id=\"368027f\" data-element_type=\"widget\" data-widget_type=\"text-editor.default\">\n\t\t\t\t<div class=\"elementor-widget-container\">\n\t\t\t\t\t\t\t\t\t<p data-pm-slice=\"1 1 []\"><strong>Mentions l\u00e9gales &#8211; NAVIOR<\/strong><\/p><p><strong>Nom de la soci\u00e9t\u00e9 :<\/strong> NAVIOR<\/p><p><strong>Statut juridique :<\/strong> Micro-entreprise<\/p><p><strong>SIRET de l&#8217;\u00e9tablissement : <\/strong>88376918400028<\/p><p><strong>Si\u00e8ge social :<\/strong> 31000, Toulouse<\/p><p><strong>Adresse e-mail :<\/strong> <a>contact@navior.fr<\/a><\/p><p><strong>Responsable de la publication :<\/strong> M.Bryek<\/p><p><strong>H\u00e9bergeur du site :<\/strong> Hostinger International Ltd. 61 Lordou Vironos Street, 6023 Larnaca, Chypre Site web : <a>https:\/\/www.hostinger.fr\/<\/a><\/p><p><strong>Propri\u00e9t\u00e9 intellectuelle :<\/strong> L&#8217;ensemble du contenu du site NAVIOR, incluant, de fa\u00e7on non limitative, les graphismes, images, textes, vid\u00e9os, animations, sons, logos, gifs et ic\u00f4nes ainsi que leur mise en forme sont la propri\u00e9t\u00e9 exclusive de NAVIOR, \u00e0 l&#8217;exception des marques, logos ou contenus appartenant \u00e0 d&#8217;autres soci\u00e9t\u00e9s partenaires ou auteurs.<\/p><p>Toute reproduction, distribution, modification, adaptation, retransmission ou publication, m\u00eame partielle, de ces diff\u00e9rents \u00e9l\u00e9ments est strictement interdite sans l&#8217;accord \u00e9crit de NAVIOR.<\/p><p><strong>Objet du site :<\/strong> Le site NAVIOR a pour objet de pr\u00e9senter les services de la plateforme de mise en relation entre propri\u00e9taires de v\u00e9hicules de prestige et chauffeurs professionnels. Il propose \u00e9galement des informations sur les modalit\u00e9s de partenariat, le services personnalis\u00e9s pour les \u00e9v\u00e9nements priv\u00e9s et professionnels.<\/p><p><strong>Conditions d\u2019utilisation :<\/strong> L\u2019utilisation du site implique l\u2019acceptation pleine et enti\u00e8re des conditions g\u00e9n\u00e9rales d\u2019utilisation d\u00e9crites dans nos CGU. Ces conditions sont susceptibles d\u2019\u00eatre modifi\u00e9es ou compl\u00e9t\u00e9es \u00e0 tout moment, les utilisateurs du site sont donc invit\u00e9s \u00e0 les consulter r\u00e9guli\u00e8rement.<\/p><p><strong>Protection des donn\u00e9es personnelles :<\/strong> Conform\u00e9ment au R\u00e8glement G\u00e9n\u00e9ral sur la Protection des Donn\u00e9es (RGPD), vous disposez d\u2019un droit d\u2019acc\u00e8s, de rectification, de suppression et d\u2019opposition \u00e0 vos donn\u00e9es personnelles. Pour toute demande, vous pouvez nous contacter \u00e0 l&#8217;adresse suivante : <a>contact@navior.fr<\/a><\/p><p><strong>Cookies :<\/strong> Le site NAVIOR peut \u00eatre amen\u00e9 \u00e0 utiliser des cookies \u00e0 des fins de navigation et de mesure d&#8217;audience. En continuant la navigation sur ce site, vous acceptez l&#8217;utilisation des cookies. Vous pouvez \u00e0 tout moment configurer votre navigateur pour refuser ces cookies.<\/p><p><strong>Droit applicable :<\/strong> Les pr\u00e9sentes mentions l\u00e9gales sont r\u00e9gies par le droit fran\u00e7ais. En cas de litige, et \u00e0 d\u00e9faut de r\u00e9solution amiable, les tribunaux fran\u00e7ais seront seuls comp\u00e9tents.<\/p><div><hr \/><\/div><p><em>Derni\u00e8re mise \u00e0 jour : Juillet 2025<\/em><\/p>\t\t\t\t\t\t\t\t<\/div>\n\t\t\t\t<\/div>\n\t\t\t\t\t<\/div>\n\t\t\t\t<\/div>\n\t\t\t\t<\/div>","protected":false},"excerpt":{"rendered":"<p>Mentions l\u00e9gales NAVIOR Mentions l\u00e9gales &#8211; NAVIOR Nom de la soci\u00e9t\u00e9 : NAVIOR Statut juridique : Micro-entreprise SIRET de l&#8217;\u00e9tablissement [&hellip;]<\/p>","protected":false},"author":1,"featured_media":0,"parent":0,"menu_order":0,"comment_status":"closed","ping_status":"closed","template":"","meta":{"_acf_changed":false,"site-sidebar-layout":"no-sidebar","site-content-layout":"","ast-site-content-layout":"full-width-container","site-content-style":"default","site-sidebar-style":"default","ast-global-header-display":"","ast-banner-title-visibility":"","ast-main-header-display":"","ast-hfb-above-header-display":"","ast-hfb-below-header-display":"","ast-hfb-mobile-header-display":"","site-post-title":"disabled","ast-breadcrumbs-content":"","ast-featured-img":"disabled","footer-sml-layout":"","theme-transparent-header-meta":"","adv-header-id-meta":"","stick-header-meta":"","header-above-stick-meta":"","header-main-stick-meta":"","header-below-stick-meta":"","astra-migrate-meta-layouts":"default","ast-page-background-enabled":"default","ast-page-background-meta":{"desktop":{"background-color":"var(--ast-global-color-4)","background-image":"","background-repeat":"repeat","background-position":"center center","background-size":"auto","background-attachment":"scroll","background-type":"","background-media":"","overlay-type":"","overlay-color":"","overlay-opacity":"","overlay-gradient":""},"tablet":{"background-color":"","background-image":"","background-repeat":"repeat","background-position":"center center","background-size":"auto","background-attachment":"scroll","background-type":"","background-media":"","overlay-type":"","overlay-color":"","overlay-opacity":"","overlay-gradient":""},"mobile":{"background-color":"","background-image":"","background-repeat":"repeat","background-position":"center center","background-size":"auto","background-attachment":"scroll","background-type":"","background-media":"","overlay-type":"","overlay-color":"","overlay-opacity":"","overlay-gradient":""}},"ast-content-background-meta":{"desktop":{"background-color":"var(--ast-global-color-5)","background-image":"","background-repeat":"repeat","background-position":"center center","background-size":"auto","background-attachment":"scroll","background-type":"","background-media":"","overlay-type":"","overlay-color":"","overlay-opacity":"","overlay-gradient":""},"tablet":{"background-color":"var(--ast-global-color-5)","background-image":"","background-repeat":"repeat","background-position":"center center","background-size":"auto","background-attachment":"scroll","background-type":"","background-media":"","overlay-type":"","overlay-color":"","overlay-opacity":"","overlay-gradient":""},"mobile":{"background-color":"var(--ast-global-color-5)","background-image":"","background-repeat":"repeat","background-position":"center center","background-size":"auto","background-attachment":"scroll","background-type":"","background-media":"","overlay-type":"","overlay-color":"","overlay-opacity":"","overlay-gradient":""}},"footnotes":""},"class_list":["post-314","page","type-page","status-publish","hentry"],"acf":[],"yoast_head":"<!-- This site is optimized with the Yoast SEO plugin v26.5 - https:\/\/yoast.com\/wordpress\/plugins\/seo\/ -->\n<title>Mentions L\u00e9gales - NAVIOR<\/title>\n<meta name=\"robots\" content=\"index, follow, max-snippet:-1, max-image-preview:large, max-video-preview:-1\" \/>\n<link rel=\"canonical\" href=\"https:\/\/navior.fr\/en\/mentions-legales\/\" \/>\n<meta property=\"og:locale\" content=\"en_GB\" \/>\n<meta property=\"og:type\" content=\"article\" \/>\n<meta property=\"og:title\" content=\"Mentions L\u00e9gales - NAVIOR\" \/>\n<meta property=\"og:description\" content=\"Mentions l\u00e9gales NAVIOR Mentions l\u00e9gales &#8211; NAVIOR Nom de la soci\u00e9t\u00e9 : NAVIOR Statut juridique : Micro-entreprise SIRET de l&#8217;\u00e9tablissement [&hellip;]\" \/>\n<meta property=\"og:url\" content=\"https:\/\/navior.fr\/en\/mentions-legales\/\" \/>\n<meta property=\"og:site_name\" content=\"NAVIOR\" \/>\n<meta property=\"article:modified_time\" content=\"2025-07-19T16:20:52+00:00\" \/>\n<meta name=\"twitter:card\" content=\"summary_large_image\" \/>\n<meta name=\"twitter:label1\" content=\"Estimated reading time\" \/>\n\t<meta name=\"twitter:data1\" content=\"2 minutes\" \/>\n<script type=\"application\/ld+json\" class=\"yoast-schema-graph\">{\"@context\":\"https:\/\/schema.org\",\"@graph\":[{\"@type\":\"WebPage\",\"@id\":\"https:\/\/navior.fr\/mentions-legales\/\",\"url\":\"https:\/\/navior.fr\/mentions-legales\/\",\"name\":\"Mentions L\u00e9gales - NAVIOR\",\"isPartOf\":{\"@id\":\"https:\/\/navior.fr\/#website\"},\"datePublished\":\"2025-04-25T15:33:43+00:00\",\"dateModified\":\"2025-07-19T16:20:52+00:00\",\"breadcrumb\":{\"@id\":\"https:\/\/navior.fr\/mentions-legales\/#breadcrumb\"},\"inLanguage\":\"en-GB\",\"potentialAction\":[{\"@type\":\"ReadAction\",\"target\":[\"https:\/\/navior.fr\/mentions-legales\/\"]}]},{\"@type\":\"BreadcrumbList\",\"@id\":\"https:\/\/navior.fr\/mentions-legales\/#breadcrumb\",\"itemListElement\":[{\"@type\":\"ListItem\",\"position\":1,\"name\":\"Accueil\",\"item\":\"https:\/\/navior.fr\/\"},{\"@type\":\"ListItem\",\"position\":2,\"name\":\"Mentions L\u00e9gales\"}]},{\"@type\":\"WebSite\",\"@id\":\"https:\/\/navior.fr\/#website\",\"url\":\"https:\/\/navior.fr\/\",\"name\":\"Navior.fr\",\"description\":\"Location voiture de luxe avec chauffeur priv\u00e9 \u00e0 Toulouse; Con\u00e7u pour ceux qui savent!\",\"publisher\":{\"@id\":\"https:\/\/navior.fr\/#organization\"},\"potentialAction\":[{\"@type\":\"SearchAction\",\"target\":{\"@type\":\"EntryPoint\",\"urlTemplate\":\"https:\/\/navior.fr\/?s={search_term_string}\"},\"query-input\":{\"@type\":\"PropertyValueSpecification\",\"valueRequired\":true,\"valueName\":\"search_term_string\"}}],\"inLanguage\":\"en-GB\"},{\"@type\":\"Organization\",\"@id\":\"https:\/\/navior.fr\/#organization\",\"name\":\"Navior\",\"url\":\"https:\/\/navior.fr\/\",\"logo\":{\"@type\":\"ImageObject\",\"inLanguage\":\"en-GB\",\"@id\":\"https:\/\/navior.fr\/#\/schema\/logo\/image\/\",\"url\":\"https:\/\/navior.fr\/wp-content\/uploads\/2025\/06\/cropped-Design-sans-titre-25.png\",\"contentUrl\":\"https:\/\/navior.fr\/wp-content\/uploads\/2025\/06\/cropped-Design-sans-titre-25.png\",\"width\":448,\"height\":436,\"caption\":\"Navior\"},\"image\":{\"@id\":\"https:\/\/navior.fr\/#\/schema\/logo\/image\/\"}}]}<\/script>\n<!-- \/ Yoast SEO plugin. -->","yoast_head_json":{"title":"Mentions L\u00e9gales - NAVIOR","robots":{"index":"index","follow":"follow","max-snippet":"max-snippet:-1","max-image-preview":"max-image-preview:large","max-video-preview":"max-video-preview:-1"},"canonical":"https:\/\/navior.fr\/en\/mentions-legales\/","og_locale":"en_GB","og_type":"article","og_title":"Mentions L\u00e9gales - NAVIOR","og_description":"Mentions l\u00e9gales NAVIOR Mentions l\u00e9gales &#8211; NAVIOR Nom de la soci\u00e9t\u00e9 : NAVIOR Statut juridique : Micro-entreprise SIRET de l&#8217;\u00e9tablissement [&hellip;]","og_url":"https:\/\/navior.fr\/en\/mentions-legales\/","og_site_name":"NAVIOR","article_modified_time":"2025-07-19T16:20:52+00:00","twitter_card":"summary_large_image","twitter_misc":{"Estimated reading time":"2 minutes"},"schema":{"@context":"https:\/\/schema.org","@graph":[{"@type":"WebPage","@id":"https:\/\/navior.fr\/mentions-legales\/","url":"https:\/\/navior.fr\/mentions-legales\/","name":"Mentions L\u00e9gales - NAVIOR","isPartOf":{"@id":"https:\/\/navior.fr\/#website"},"datePublished":"2025-04-25T15:33:43+00:00","dateModified":"2025-07-19T16:20:52+00:00","breadcrumb":{"@id":"https:\/\/navior.fr\/mentions-legales\/#breadcrumb"},"inLanguage":"en-GB","potentialAction":[{"@type":"ReadAction","target":["https:\/\/navior.fr\/mentions-legales\/"]}]},{"@type":"BreadcrumbList","@id":"https:\/\/navior.fr\/mentions-legales\/#breadcrumb","itemListElement":[{"@type":"ListItem","position":1,"name":"Accueil","item":"https:\/\/navior.fr\/"},{"@type":"ListItem","position":2,"name":"Mentions L\u00e9gales"}]},{"@type":"WebSite","@id":"https:\/\/navior.fr\/#website","url":"https:\/\/navior.fr\/","name":"Navior.fr","description":"Location voiture de luxe avec chauffeur priv\u00e9 \u00e0 Toulouse; Con\u00e7u pour ceux qui savent!","publisher":{"@id":"https:\/\/navior.fr\/#organization"},"potentialAction":[{"@type":"SearchAction","target":{"@type":"EntryPoint","urlTemplate":"https:\/\/navior.fr\/?s={search_term_string}"},"query-input":{"@type":"PropertyValueSpecification","valueRequired":true,"valueName":"search_term_string"}}],"inLanguage":"en-GB"},{"@type":"Organization","@id":"https:\/\/navior.fr\/#organization","name":"Navior","url":"https:\/\/navior.fr\/","logo":{"@type":"ImageObject","inLanguage":"en-GB","@id":"https:\/\/navior.fr\/#\/schema\/logo\/image\/","url":"https:\/\/navior.fr\/wp-content\/uploads\/2025\/06\/cropped-Design-sans-titre-25.png","contentUrl":"https:\/\/navior.fr\/wp-content\/uploads\/2025\/06\/cropped-Design-sans-titre-25.png","width":448,"height":436,"caption":"Navior"},"image":{"@id":"https:\/\/navior.fr\/#\/schema\/logo\/image\/"}}]}},"_links":{"self":[{"href":"https:\/\/navior.fr\/en\/wp-json\/wp\/v2\/pages\/314","targetHints":{"allow":["GET"]}}],"collection":[{"href":"https:\/\/navior.fr\/en\/wp-json\/wp\/v2\/pages"}],"about":[{"href":"https:\/\/navior.fr\/en\/wp-json\/wp\/v2\/types\/page"}],"author":[{"embeddable":true,"href":"https:\/\/navior.fr\/en\/wp-json\/wp\/v2\/users\/1"}],"replies":[{"embeddable":true,"href":"https:\/\/navior.fr\/en\/wp-json\/wp\/v2\/comments?post=314"}],"version-history":[{"count":19,"href":"https:\/\/navior.fr\/en\/wp-json\/wp\/v2\/pages\/314\/revisions"}],"predecessor-version":[{"id":1212,"href":"https:\/\/navior.fr\/en\/wp-json\/wp\/v2\/pages\/314\/revisions\/1212"}],"wp:attachment":[{"href":"https:\/\/navior.fr\/en\/wp-json\/wp\/v2\/media?parent=314"}],"curies":[{"name":"wp","href":"https:\/\/api.w.org\/{rel}","templated":true}]}}