{"id":212,"date":"2025-04-25T10:58:01","date_gmt":"2025-04-25T10:58:01","guid":{"rendered":"https:\/\/navior.fr\/?page_id=212"},"modified":"2025-04-28T20:06:36","modified_gmt":"2025-04-28T20:06:36","slug":"nous-rejoindre","status":"publish","type":"page","link":"https:\/\/navior.fr\/en\/nous-rejoindre\/","title":{"rendered":"Join us"},"content":{"rendered":"<div data-elementor-type=\"wp-page\" data-elementor-id=\"212\" class=\"elementor elementor-212\">\n\t\t\t\t<div class=\"elementor-element elementor-element-d5acf9e e-flex e-con-boxed e-con e-parent\" data-id=\"d5acf9e\" data-element_type=\"container\">\n\t\t\t\t\t<div class=\"e-con-inner\">\n\t\t\t\t<div class=\"elementor-element elementor-element-b894821 elementor-widget elementor-widget-heading\" data-id=\"b894821\" data-element_type=\"widget\" data-widget_type=\"heading.default\">\n\t\t\t\t<div class=\"elementor-widget-container\">\n\t\t\t\t\t<h2 class=\"elementor-heading-title elementor-size-default\">Join us<\/h2>\t\t\t\t<\/div>\n\t\t\t\t<\/div>\n\t\t\t\t\t<\/div>\n\t\t\t\t<\/div>\n\t\t<div class=\"elementor-element elementor-element-a1dc657 e-flex e-con-boxed e-con e-parent\" data-id=\"a1dc657\" data-element_type=\"container\">\n\t\t\t\t\t<div class=\"e-con-inner\">\n\t\t\t\t<div class=\"elementor-element elementor-element-7b5ffb4 elementor-widget elementor-widget-text-editor\" data-id=\"7b5ffb4\" data-element_type=\"widget\" data-widget_type=\"text-editor.default\">\n\t\t\t\t<div class=\"elementor-widget-container\">\n\t\t\t\t\t\t\t\t\t<p>Que vous soyez propri\u00e9taire d\u2019un v\u00e9hicule d\u2019exception ou chauffeur passionn\u00e9 \u00e0 la recherche de missions qui sortent de l\u2019ordinaire, Navior vous ouvre les portes d\u2019un cercle privil\u00e9gi\u00e9 o\u00f9 le luxe devient une exp\u00e9rience partag\u00e9e et valoris\u00e9e<\/p>\t\t\t\t\t\t\t\t<\/div>\n\t\t\t\t<\/div>\n\t\t\t\t\t<\/div>\n\t\t\t\t<\/div>\n\t\t<div class=\"elementor-element elementor-element-590631d e-flex e-con-boxed e-con e-parent\" data-id=\"590631d\" data-element_type=\"container\">\n\t\t\t\t\t<div class=\"e-con-inner\">\n\t\t<div class=\"elementor-element elementor-element-1b090d1 e-con-full e-flex e-con e-child\" data-id=\"1b090d1\" data-element_type=\"container\">\n\t\t\t\t<div class=\"elementor-element elementor-element-09bf7e9 elementor-widget elementor-widget-heading\" data-id=\"09bf7e9\" data-element_type=\"widget\" data-widget_type=\"heading.default\">\n\t\t\t\t<div class=\"elementor-widget-container\">\n\t\t\t\t\t<h2 class=\"elementor-heading-title elementor-size-default\">Profil des propri\u00e9taires qui nous rejoignent<\/h2>\t\t\t\t<\/div>\n\t\t\t\t<\/div>\n\t\t\t\t<div class=\"elementor-element elementor-element-732368c elementor-widget elementor-widget-text-editor\" data-id=\"732368c\" data-element_type=\"widget\" data-widget_type=\"text-editor.default\">\n\t\t\t\t<div class=\"elementor-widget-container\">\n\t\t\t\t\t\t\t\t\t<ul data-start=\"1623\" data-end=\"1833\"><li class=\"\" data-start=\"1623\" data-end=\"1667\"><p class=\"\" data-start=\"1625\" data-end=\"1667\">Passionn\u00e9s d\u2019automobile ou investisseurs<\/p><\/li><li class=\"\" data-start=\"1668\" data-end=\"1709\"><p class=\"\" data-start=\"1670\" data-end=\"1709\">Utilisation personnelle occasionnelle<\/p><\/li><li class=\"\" data-start=\"1710\" data-end=\"1776\"><p class=\"\" data-start=\"1712\" data-end=\"1776\">Recherche de <strong data-start=\"1725\" data-end=\"1757\">revenus passifs intelligents<\/strong>, sans contrainte<\/p><\/li><li class=\"\" data-start=\"1777\" data-end=\"1833\"><p class=\"\" data-start=\"1779\" data-end=\"1833\">Envie de <strong data-start=\"1788\" data-end=\"1821\">valoriser un actif immobilis\u00e9<\/strong> sans vendre<\/p><\/li><\/ul>\t\t\t\t\t\t\t\t<\/div>\n\t\t\t\t<\/div>\n\t\t\t\t<div class=\"elementor-element elementor-element-06e9b6f elementor-widget elementor-widget-button\" data-id=\"06e9b6f\" data-element_type=\"widget\" data-widget_type=\"button.default\">\n\t\t\t\t<div class=\"elementor-widget-container\">\n\t\t\t\t\t\t\t\t\t<div class=\"elementor-button-wrapper\">\n\t\t\t\t\t<a class=\"elementor-button elementor-button-link elementor-size-sm\" href=\"https:\/\/navior.fr\/en\/proprietaire\/\">\n\t\t\t\t\t\t<span class=\"elementor-button-content-wrapper\">\n\t\t\t\t\t\t\t\t\t<span class=\"elementor-button-text\">D\u00e9couvrir<\/span>\n\t\t\t\t\t<\/span>\n\t\t\t\t\t<\/a>\n\t\t\t\t<\/div>\n\t\t\t\t\t\t\t\t<\/div>\n\t\t\t\t<\/div>\n\t\t\t\t<\/div>\n\t\t<div class=\"elementor-element elementor-element-67b42a2 e-con-full e-flex e-con e-child\" data-id=\"67b42a2\" data-element_type=\"container\">\n\t\t\t\t<div class=\"elementor-element elementor-element-11f3a0e elementor-widget elementor-widget-image\" data-id=\"11f3a0e\" data-element_type=\"widget\" data-widget_type=\"image.default\">\n\t\t\t\t<div class=\"elementor-widget-container\">\n\t\t\t\t\t\t\t\t\t\t\t\t\t\t\t<img fetchpriority=\"high\" decoding=\"async\" width=\"1024\" height=\"1024\" src=\"https:\/\/navior.fr\/wp-content\/uploads\/2025\/04\/fotor-ai-20250428212844.jpg\" class=\"attachment-full size-full wp-image-597\" alt=\"\" srcset=\"https:\/\/navior.fr\/wp-content\/uploads\/2025\/04\/fotor-ai-20250428212844.jpg 1024w, https:\/\/navior.fr\/wp-content\/uploads\/2025\/04\/fotor-ai-20250428212844-300x300.jpg 300w, https:\/\/navior.fr\/wp-content\/uploads\/2025\/04\/fotor-ai-20250428212844-150x150.jpg 150w, https:\/\/navior.fr\/wp-content\/uploads\/2025\/04\/fotor-ai-20250428212844-768x768.jpg 768w\" sizes=\"(max-width: 1024px) 100vw, 1024px\" \/>\t\t\t\t\t\t\t\t\t\t\t\t\t\t\t<\/div>\n\t\t\t\t<\/div>\n\t\t\t\t<\/div>\n\t\t\t\t\t<\/div>\n\t\t\t\t<\/div>\n\t\t<div class=\"elementor-element elementor-element-a3e3b48 e-flex e-con-boxed e-con e-parent\" data-id=\"a3e3b48\" data-element_type=\"container\">\n\t\t\t\t\t<div class=\"e-con-inner\">\n\t\t<div class=\"elementor-element elementor-element-bae131d e-con-full e-flex e-con e-child\" data-id=\"bae131d\" data-element_type=\"container\">\n\t\t\t\t<div class=\"elementor-element elementor-element-d508599 elementor-widget elementor-widget-image\" data-id=\"d508599\" data-element_type=\"widget\" data-widget_type=\"image.default\">\n\t\t\t\t<div class=\"elementor-widget-container\">\n\t\t\t\t\t\t\t\t\t\t\t\t\t\t\t<img decoding=\"async\" width=\"1024\" height=\"1024\" src=\"https:\/\/navior.fr\/wp-content\/uploads\/2025\/04\/openart-image_xlG-vGNY_1745445993006_raw-2.png\" class=\"attachment-full size-full wp-image-166\" alt=\"\" srcset=\"https:\/\/navior.fr\/wp-content\/uploads\/2025\/04\/openart-image_xlG-vGNY_1745445993006_raw-2.png 1024w, https:\/\/navior.fr\/wp-content\/uploads\/2025\/04\/openart-image_xlG-vGNY_1745445993006_raw-2-300x300.png 300w, https:\/\/navior.fr\/wp-content\/uploads\/2025\/04\/openart-image_xlG-vGNY_1745445993006_raw-2-150x150.png 150w, https:\/\/navior.fr\/wp-content\/uploads\/2025\/04\/openart-image_xlG-vGNY_1745445993006_raw-2-768x768.png 768w\" sizes=\"(max-width: 1024px) 100vw, 1024px\" \/>\t\t\t\t\t\t\t\t\t\t\t\t\t\t\t<\/div>\n\t\t\t\t<\/div>\n\t\t\t\t<\/div>\n\t\t<div class=\"elementor-element elementor-element-bd1bf5a e-con-full e-flex e-con e-child\" data-id=\"bd1bf5a\" data-element_type=\"container\">\n\t\t\t\t<div class=\"elementor-element elementor-element-767b9a3 elementor-widget elementor-widget-heading\" data-id=\"767b9a3\" data-element_type=\"widget\" data-widget_type=\"heading.default\">\n\t\t\t\t<div class=\"elementor-widget-container\">\n\t\t\t\t\t<h2 class=\"elementor-heading-title elementor-size-default\">Profil des chauffeurs qui nous rejoignent<\/h2>\t\t\t\t<\/div>\n\t\t\t\t<\/div>\n\t\t\t\t<div class=\"elementor-element elementor-element-e2d75c5 elementor-widget elementor-widget-text-editor\" data-id=\"e2d75c5\" data-element_type=\"widget\" data-widget_type=\"text-editor.default\">\n\t\t\t\t<div class=\"elementor-widget-container\">\n\t\t\t\t\t\t\t\t\t<ul><li>Exp\u00e9rience en conduite de v\u00e9hicules haut de gamme<\/li><li>Discr\u00e9tion, \u00e9l\u00e9gance et courtoisie en toutes circonstances<\/li><li>Permis B en cours de validit\u00e9, casier judiciaire vierge<\/li><li>Disponible pour des missions ponctuelles ou \u00e9v\u00e9nementielles<\/li><li>Envie de conduire des voitures d\u2019exception<\/li><li>D\u00e9sir de sortir de la routine classique du VTC<\/li><\/ul>\t\t\t\t\t\t\t\t<\/div>\n\t\t\t\t<\/div>\n\t\t\t\t<div class=\"elementor-element elementor-element-58a6339 elementor-widget elementor-widget-button\" data-id=\"58a6339\" data-element_type=\"widget\" data-widget_type=\"button.default\">\n\t\t\t\t<div class=\"elementor-widget-container\">\n\t\t\t\t\t\t\t\t\t<div class=\"elementor-button-wrapper\">\n\t\t\t\t\t<a class=\"elementor-button elementor-button-link elementor-size-sm\" href=\"https:\/\/navior.fr\/en\/conduire-lexception\/\">\n\t\t\t\t\t\t<span class=\"elementor-button-content-wrapper\">\n\t\t\t\t\t\t\t\t\t<span class=\"elementor-button-text\">D\u00e9couvrir<\/span>\n\t\t\t\t\t<\/span>\n\t\t\t\t\t<\/a>\n\t\t\t\t<\/div>\n\t\t\t\t\t\t\t\t<\/div>\n\t\t\t\t<\/div>\n\t\t\t\t<\/div>\n\t\t\t\t\t<\/div>\n\t\t\t\t<\/div>\n\t\t<div class=\"elementor-element elementor-element-43e2079 e-flex e-con-boxed e-con e-parent\" data-id=\"43e2079\" data-element_type=\"container\">\n\t\t\t\t\t<div class=\"e-con-inner\">\n\t\t\t\t<div class=\"elementor-element elementor-element-a72a659 elementor-widget elementor-widget-spacer\" data-id=\"a72a659\" data-element_type=\"widget\" data-widget_type=\"spacer.default\">\n\t\t\t\t<div class=\"elementor-widget-container\">\n\t\t\t\t\t\t\t<div class=\"elementor-spacer\">\n\t\t\t<div class=\"elementor-spacer-inner\"><\/div>\n\t\t<\/div>\n\t\t\t\t\t\t<\/div>\n\t\t\t\t<\/div>\n\t\t\t\t\t<\/div>\n\t\t\t\t<\/div>\n\t\t<div class=\"elementor-element elementor-element-10d6f388 e-flex e-con-boxed e-con e-parent\" data-id=\"10d6f388\" data-element_type=\"container\" data-settings=\"{&quot;background_background&quot;:&quot;classic&quot;}\">\n\t\t\t\t\t<div class=\"e-con-inner\">\n\t\t\t\t<div class=\"elementor-element elementor-element-5de8ecd1 elementor-widget elementor-widget-heading\" data-id=\"5de8ecd1\" data-element_type=\"widget\" data-widget_type=\"heading.default\">\n\t\t\t\t<div class=\"elementor-widget-container\">\n\t\t\t\t\t<h2 class=\"elementor-heading-title elementor-size-default\">Ready to work together? Let's go!\n<\/h2>\t\t\t\t<\/div>\n\t\t\t\t<\/div>\n\t\t\t\t<div class=\"elementor-element elementor-element-43d05bca elementor-widget elementor-widget-button\" data-id=\"43d05bca\" data-element_type=\"widget\" data-widget_type=\"button.default\">\n\t\t\t\t<div class=\"elementor-widget-container\">\n\t\t\t\t\t\t\t\t\t<div class=\"elementor-button-wrapper\">\n\t\t\t\t\t<a class=\"elementor-button elementor-button-link elementor-size-sm\" href=\"https:\/\/navior.fr\/en\/contact\/\">\n\t\t\t\t\t\t<span class=\"elementor-button-content-wrapper\">\n\t\t\t\t\t\t\t\t\t<span class=\"elementor-button-text\">Contactez-nous<\/span>\n\t\t\t\t\t<\/span>\n\t\t\t\t\t<\/a>\n\t\t\t\t<\/div>\n\t\t\t\t\t\t\t\t<\/div>\n\t\t\t\t<\/div>\n\t\t\t\t\t<\/div>\n\t\t\t\t<\/div>\n\t\t\t\t<\/div>","protected":false},"excerpt":{"rendered":"<p>Nous rejoindre Que vous soyez propri\u00e9taire d\u2019un v\u00e9hicule d\u2019exception ou chauffeur passionn\u00e9 \u00e0 la recherche de missions qui sortent de [&hellip;]<\/p>","protected":false},"author":1,"featured_media":0,"parent":0,"menu_order":0,"comment_status":"closed","ping_status":"closed","template":"","meta":{"_acf_changed":false,"site-sidebar-layout":"no-sidebar","site-content-layout":"","ast-site-content-layout":"full-width-container","site-content-style":"default","site-sidebar-style":"default","ast-global-header-display":"","ast-banner-title-visibility":"","ast-main-header-display":"","ast-hfb-above-header-display":"","ast-hfb-below-header-display":"","ast-hfb-mobile-header-display":"","site-post-title":"disabled","ast-breadcrumbs-content":"","ast-featured-img":"disabled","footer-sml-layout":"","theme-transparent-header-meta":"","adv-header-id-meta":"","stick-header-meta":"","header-above-stick-meta":"","header-main-stick-meta":"","header-below-stick-meta":"","astra-migrate-meta-layouts":"default","ast-page-background-enabled":"default","ast-page-background-meta":{"desktop":{"background-color":"var(--ast-global-color-4)","background-image":"","background-repeat":"repeat","background-position":"center center","background-size":"auto","background-attachment":"scroll","background-type":"","background-media":"","overlay-type":"","overlay-color":"","overlay-opacity":"","overlay-gradient":""},"tablet":{"background-color":"","background-image":"","background-repeat":"repeat","background-position":"center center","background-size":"auto","background-attachment":"scroll","background-type":"","background-media":"","overlay-type":"","overlay-color":"","overlay-opacity":"","overlay-gradient":""},"mobile":{"background-color":"","background-image":"","background-repeat":"repeat","background-position":"center center","background-size":"auto","background-attachment":"scroll","background-type":"","background-media":"","overlay-type":"","overlay-color":"","overlay-opacity":"","overlay-gradient":""}},"ast-content-background-meta":{"desktop":{"background-color":"var(--ast-global-color-5)","background-image":"","background-repeat":"repeat","background-position":"center center","background-size":"auto","background-attachment":"scroll","background-type":"","background-media":"","overlay-type":"","overlay-color":"","overlay-opacity":"","overlay-gradient":""},"tablet":{"background-color":"var(--ast-global-color-5)","background-image":"","background-repeat":"repeat","background-position":"center center","background-size":"auto","background-attachment":"scroll","background-type":"","background-media":"","overlay-type":"","overlay-color":"","overlay-opacity":"","overlay-gradient":""},"mobile":{"background-color":"var(--ast-global-color-5)","background-image":"","background-repeat":"repeat","background-position":"center center","background-size":"auto","background-attachment":"scroll","background-type":"","background-media":"","overlay-type":"","overlay-color":"","overlay-opacity":"","overlay-gradient":""}},"footnotes":""},"class_list":["post-212","page","type-page","status-publish","hentry"],"acf":[],"yoast_head":"<!-- This site is optimized with the Yoast SEO plugin v26.5 - https:\/\/yoast.com\/wordpress\/plugins\/seo\/ -->\n<title>Nous rejoindre - NAVIOR<\/title>\n<meta name=\"description\" content=\"Propri\u00e9taires de v\u00e9hicules d&#039;exception ou chauffeurs priv\u00e9s exp\u00e9riment\u00e9s, rejoignez NAVIOR et participez \u00e0 l&#039;excellence de la location de voitures de luxe avec chauffeur.\" \/>\n<meta name=\"robots\" content=\"index, follow, max-snippet:-1, max-image-preview:large, max-video-preview:-1\" \/>\n<link rel=\"canonical\" href=\"https:\/\/navior.fr\/en\/nous-rejoindre\/\" \/>\n<meta property=\"og:locale\" content=\"en_GB\" \/>\n<meta property=\"og:type\" content=\"article\" \/>\n<meta property=\"og:title\" content=\"Nous rejoindre - NAVIOR\" \/>\n<meta property=\"og:description\" content=\"Propri\u00e9taires de v\u00e9hicules d&#039;exception ou chauffeurs priv\u00e9s exp\u00e9riment\u00e9s, rejoignez NAVIOR et participez \u00e0 l&#039;excellence de la location de voitures de luxe avec chauffeur.\" \/>\n<meta property=\"og:url\" content=\"https:\/\/navior.fr\/en\/nous-rejoindre\/\" \/>\n<meta property=\"og:site_name\" content=\"NAVIOR\" \/>\n<meta property=\"article:modified_time\" content=\"2025-04-28T20:06:36+00:00\" \/>\n<meta property=\"og:image\" content=\"https:\/\/navior.fr\/wp-content\/uploads\/2025\/04\/fotor-ai-20250428212844.jpg\" \/>\n\t<meta property=\"og:image:width\" content=\"1024\" \/>\n\t<meta property=\"og:image:height\" content=\"1024\" \/>\n\t<meta property=\"og:image:type\" content=\"image\/jpeg\" \/>\n<meta name=\"twitter:card\" content=\"summary_large_image\" \/>\n<meta name=\"twitter:label1\" content=\"Estimated reading time\" \/>\n\t<meta name=\"twitter:data1\" content=\"2 minutes\" \/>\n<script type=\"application\/ld+json\" class=\"yoast-schema-graph\">{\"@context\":\"https:\/\/schema.org\",\"@graph\":[{\"@type\":\"WebPage\",\"@id\":\"https:\/\/navior.fr\/nous-rejoindre\/\",\"url\":\"https:\/\/navior.fr\/nous-rejoindre\/\",\"name\":\"Nous rejoindre - NAVIOR\",\"isPartOf\":{\"@id\":\"https:\/\/navior.fr\/#website\"},\"primaryImageOfPage\":{\"@id\":\"https:\/\/navior.fr\/nous-rejoindre\/#primaryimage\"},\"image\":{\"@id\":\"https:\/\/navior.fr\/nous-rejoindre\/#primaryimage\"},\"thumbnailUrl\":\"https:\/\/navior.fr\/wp-content\/uploads\/2025\/04\/fotor-ai-20250428212844.jpg\",\"datePublished\":\"2025-04-25T10:58:01+00:00\",\"dateModified\":\"2025-04-28T20:06:36+00:00\",\"description\":\"Propri\u00e9taires de v\u00e9hicules d'exception ou chauffeurs priv\u00e9s exp\u00e9riment\u00e9s, rejoignez NAVIOR et participez \u00e0 l'excellence de la location de voitures de luxe avec chauffeur.\",\"breadcrumb\":{\"@id\":\"https:\/\/navior.fr\/nous-rejoindre\/#breadcrumb\"},\"inLanguage\":\"en-GB\",\"potentialAction\":[{\"@type\":\"ReadAction\",\"target\":[\"https:\/\/navior.fr\/nous-rejoindre\/\"]}]},{\"@type\":\"ImageObject\",\"inLanguage\":\"en-GB\",\"@id\":\"https:\/\/navior.fr\/nous-rejoindre\/#primaryimage\",\"url\":\"https:\/\/navior.fr\/wp-content\/uploads\/2025\/04\/fotor-ai-20250428212844.jpg\",\"contentUrl\":\"https:\/\/navior.fr\/wp-content\/uploads\/2025\/04\/fotor-ai-20250428212844.jpg\"},{\"@type\":\"BreadcrumbList\",\"@id\":\"https:\/\/navior.fr\/nous-rejoindre\/#breadcrumb\",\"itemListElement\":[{\"@type\":\"ListItem\",\"position\":1,\"name\":\"Accueil\",\"item\":\"https:\/\/navior.fr\/\"},{\"@type\":\"ListItem\",\"position\":2,\"name\":\"Nous rejoindre\"}]},{\"@type\":\"WebSite\",\"@id\":\"https:\/\/navior.fr\/#website\",\"url\":\"https:\/\/navior.fr\/\",\"name\":\"Navior.fr\",\"description\":\"Location voiture de luxe avec chauffeur priv\u00e9 \u00e0 Toulouse; Con\u00e7u pour ceux qui savent!\",\"publisher\":{\"@id\":\"https:\/\/navior.fr\/#organization\"},\"potentialAction\":[{\"@type\":\"SearchAction\",\"target\":{\"@type\":\"EntryPoint\",\"urlTemplate\":\"https:\/\/navior.fr\/?s={search_term_string}\"},\"query-input\":{\"@type\":\"PropertyValueSpecification\",\"valueRequired\":true,\"valueName\":\"search_term_string\"}}],\"inLanguage\":\"en-GB\"},{\"@type\":\"Organization\",\"@id\":\"https:\/\/navior.fr\/#organization\",\"name\":\"Navior\",\"url\":\"https:\/\/navior.fr\/\",\"logo\":{\"@type\":\"ImageObject\",\"inLanguage\":\"en-GB\",\"@id\":\"https:\/\/navior.fr\/#\/schema\/logo\/image\/\",\"url\":\"https:\/\/navior.fr\/wp-content\/uploads\/2025\/06\/cropped-Design-sans-titre-25.png\",\"contentUrl\":\"https:\/\/navior.fr\/wp-content\/uploads\/2025\/06\/cropped-Design-sans-titre-25.png\",\"width\":448,\"height\":436,\"caption\":\"Navior\"},\"image\":{\"@id\":\"https:\/\/navior.fr\/#\/schema\/logo\/image\/\"}}]}<\/script>\n<!-- \/ Yoast SEO plugin. -->","yoast_head_json":{"title":"Nous rejoindre - NAVIOR","description":"Propri\u00e9taires de v\u00e9hicules d'exception ou chauffeurs priv\u00e9s exp\u00e9riment\u00e9s, rejoignez NAVIOR et participez \u00e0 l'excellence de la location de voitures de luxe avec chauffeur.","robots":{"index":"index","follow":"follow","max-snippet":"max-snippet:-1","max-image-preview":"max-image-preview:large","max-video-preview":"max-video-preview:-1"},"canonical":"https:\/\/navior.fr\/en\/nous-rejoindre\/","og_locale":"en_GB","og_type":"article","og_title":"Nous rejoindre - NAVIOR","og_description":"Propri\u00e9taires de v\u00e9hicules d'exception ou chauffeurs priv\u00e9s exp\u00e9riment\u00e9s, rejoignez NAVIOR et participez \u00e0 l'excellence de la location de voitures de luxe avec chauffeur.","og_url":"https:\/\/navior.fr\/en\/nous-rejoindre\/","og_site_name":"NAVIOR","article_modified_time":"2025-04-28T20:06:36+00:00","og_image":[{"width":1024,"height":1024,"url":"https:\/\/navior.fr\/wp-content\/uploads\/2025\/04\/fotor-ai-20250428212844.jpg","type":"image\/jpeg"}],"twitter_card":"summary_large_image","twitter_misc":{"Estimated reading time":"2 minutes"},"schema":{"@context":"https:\/\/schema.org","@graph":[{"@type":"WebPage","@id":"https:\/\/navior.fr\/nous-rejoindre\/","url":"https:\/\/navior.fr\/nous-rejoindre\/","name":"Nous rejoindre - NAVIOR","isPartOf":{"@id":"https:\/\/navior.fr\/#website"},"primaryImageOfPage":{"@id":"https:\/\/navior.fr\/nous-rejoindre\/#primaryimage"},"image":{"@id":"https:\/\/navior.fr\/nous-rejoindre\/#primaryimage"},"thumbnailUrl":"https:\/\/navior.fr\/wp-content\/uploads\/2025\/04\/fotor-ai-20250428212844.jpg","datePublished":"2025-04-25T10:58:01+00:00","dateModified":"2025-04-28T20:06:36+00:00","description":"Propri\u00e9taires de v\u00e9hicules d'exception ou chauffeurs priv\u00e9s exp\u00e9riment\u00e9s, rejoignez NAVIOR et participez \u00e0 l'excellence de la location de voitures de luxe avec chauffeur.","breadcrumb":{"@id":"https:\/\/navior.fr\/nous-rejoindre\/#breadcrumb"},"inLanguage":"en-GB","potentialAction":[{"@type":"ReadAction","target":["https:\/\/navior.fr\/nous-rejoindre\/"]}]},{"@type":"ImageObject","inLanguage":"en-GB","@id":"https:\/\/navior.fr\/nous-rejoindre\/#primaryimage","url":"https:\/\/navior.fr\/wp-content\/uploads\/2025\/04\/fotor-ai-20250428212844.jpg","contentUrl":"https:\/\/navior.fr\/wp-content\/uploads\/2025\/04\/fotor-ai-20250428212844.jpg"},{"@type":"BreadcrumbList","@id":"https:\/\/navior.fr\/nous-rejoindre\/#breadcrumb","itemListElement":[{"@type":"ListItem","position":1,"name":"Accueil","item":"https:\/\/navior.fr\/"},{"@type":"ListItem","position":2,"name":"Nous rejoindre"}]},{"@type":"WebSite","@id":"https:\/\/navior.fr\/#website","url":"https:\/\/navior.fr\/","name":"Navior.fr","description":"Location voiture de luxe avec chauffeur priv\u00e9 \u00e0 Toulouse; Con\u00e7u pour ceux qui savent!","publisher":{"@id":"https:\/\/navior.fr\/#organization"},"potentialAction":[{"@type":"SearchAction","target":{"@type":"EntryPoint","urlTemplate":"https:\/\/navior.fr\/?s={search_term_string}"},"query-input":{"@type":"PropertyValueSpecification","valueRequired":true,"valueName":"search_term_string"}}],"inLanguage":"en-GB"},{"@type":"Organization","@id":"https:\/\/navior.fr\/#organization","name":"Navior","url":"https:\/\/navior.fr\/","logo":{"@type":"ImageObject","inLanguage":"en-GB","@id":"https:\/\/navior.fr\/#\/schema\/logo\/image\/","url":"https:\/\/navior.fr\/wp-content\/uploads\/2025\/06\/cropped-Design-sans-titre-25.png","contentUrl":"https:\/\/navior.fr\/wp-content\/uploads\/2025\/06\/cropped-Design-sans-titre-25.png","width":448,"height":436,"caption":"Navior"},"image":{"@id":"https:\/\/navior.fr\/#\/schema\/logo\/image\/"}}]}},"_links":{"self":[{"href":"https:\/\/navior.fr\/en\/wp-json\/wp\/v2\/pages\/212","targetHints":{"allow":["GET"]}}],"collection":[{"href":"https:\/\/navior.fr\/en\/wp-json\/wp\/v2\/pages"}],"about":[{"href":"https:\/\/navior.fr\/en\/wp-json\/wp\/v2\/types\/page"}],"author":[{"embeddable":true,"href":"https:\/\/navior.fr\/en\/wp-json\/wp\/v2\/users\/1"}],"replies":[{"embeddable":true,"href":"https:\/\/navior.fr\/en\/wp-json\/wp\/v2\/comments?post=212"}],"version-history":[{"count":31,"href":"https:\/\/navior.fr\/en\/wp-json\/wp\/v2\/pages\/212\/revisions"}],"predecessor-version":[{"id":637,"href":"https:\/\/navior.fr\/en\/wp-json\/wp\/v2\/pages\/212\/revisions\/637"}],"wp:attachment":[{"href":"https:\/\/navior.fr\/en\/wp-json\/wp\/v2\/media?parent=212"}],"curies":[{"name":"wp","href":"https:\/\/api.w.org\/{rel}","templated":true}]}}